{"id":7802,"date":"2023-01-24T18:51:36","date_gmt":"2023-01-24T18:51:36","guid":{"rendered":"https:\/\/turismar.com.mx\/?page_id=7802"},"modified":"2023-11-21T15:23:43","modified_gmt":"2023-11-21T15:23:43","slug":"elementor-7802","status":"publish","type":"page","link":"https:\/\/turismar.com.mx\/index.php\/elementor-7802\/","title":{"rendered":"Servicios"},"content":{"rendered":"\t\t<div data-elementor-type=\"wp-page\" data-elementor-id=\"7802\" class=\"elementor elementor-7802\">\n\t\t\t\t\t\t\t<div class=\"elementor-element elementor-element-9f6fd6e e-container--column e-container\" data-id=\"9f6fd6e\" data-element_type=\"container\">\t\t\t\t<div class=\"elementor-element elementor-element-2ca4d42 elementor-widget elementor-widget-text-editor\" data-id=\"2ca4d42\" data-element_type=\"widget\" data-widget_type=\"text-editor.default\">\n\t\t\t\t<div class=\"elementor-widget-container\">\n\t\t\t<style>\/*! elementor - v3.7.8 - 02-10-2022 *\/\n.elementor-widget-text-editor.elementor-drop-cap-view-stacked .elementor-drop-cap{background-color:#818a91;color:#fff}.elementor-widget-text-editor.elementor-drop-cap-view-framed .elementor-drop-cap{color:#818a91;border:3px solid;background-color:transparent}.elementor-widget-text-editor:not(.elementor-drop-cap-view-default) .elementor-drop-cap{margin-top:8px}.elementor-widget-text-editor:not(.elementor-drop-cap-view-default) .elementor-drop-cap-letter{width:1em;height:1em}.elementor-widget-text-editor .elementor-drop-cap{float:left;text-align:center;line-height:1;font-size:50px}.elementor-widget-text-editor .elementor-drop-cap-letter{display:inline-block}<\/style>\t\t\t\t<h2><strong>El mejor servicio en transporte terrestre de pasajeros.<\/strong><\/h2>\t\t\t\t\t\t<\/div>\n\t\t\t\t<\/div>\n\t\t\t\t<div class=\"elementor-element elementor-element-b885464 elementor-widget elementor-widget-text-editor\" data-id=\"b885464\" data-element_type=\"widget\" data-widget_type=\"text-editor.default\">\n\t\t\t\t<div class=\"elementor-widget-container\">\n\t\t\t\t\t\t\t<p>Con una trayectoria de m\u00e1s de 35 a\u00f1os en el sector del transporte tur\u00edstico, nos destacamos como una empresa comprometida en ofrecer el mejor servicio.<\/p><p>Contamos con la experiencia, el equipo humano y t\u00e9cnico necesario para convertir su viaje en una experiencia inolvidable, superando las expectativas m\u00e1s exigentes de nuestros clientes.<\/p><p>Nuestra filosof\u00eda se basa en la calidad, la modernizaci\u00f3n y la mejora continua de nuestros servicios.<\/p><p>En la actualidad, brindamos servicios de transporte ejecutivo terrestre premium a Grupos Particulares, Agencias de Viajes, Colegios, Empresas, Clubes Deportivos e Instituciones de Gobierno.<\/p><p>Permanecemos a la vanguardia mediante el uso de equipos modernos para satisfacer a los clientes m\u00e1s exigentes. No solo ofrecemos un servicio de transporte, sino ese \u00abextra\u00bb que hace que cada viaje sea m\u00e1s placentero, siempre priorizando la seguridad y comodidad de nuestros clientes.<\/p>\t\t\t\t\t\t<\/div>\n\t\t\t\t<\/div>\n\t\t<\/div><div class=\"elementor-element elementor-element-8bd84d9 e-container--row e-container\" data-id=\"8bd84d9\" data-element_type=\"container\">\t\t<div class=\"elementor-element elementor-element-5edf345 e-container--column e-container\" data-id=\"5edf345\" data-element_type=\"container\">\t\t\t\t<div class=\"elementor-element elementor-element-bebf567 elementor-view-stacked elementor-position-top elementor-vertical-align-middle elementor-shape-circle elementor-mobile-position-top elementor-widget elementor-widget-icon-box\" data-id=\"bebf567\" data-element_type=\"widget\" data-widget_type=\"icon-box.default\">\n\t\t\t\t<div class=\"elementor-widget-container\">\n\t\t\t<link rel=\"stylesheet\" href=\"https:\/\/turismar.com.mx\/wp-content\/uploads\/elementor\/css\/custom-widget-icon-box.min.css?ver=1739390470\">\t\t<div class=\"elementor-icon-box-wrapper\">\n\t\t\t\t\t\t<div class=\"elementor-icon-box-icon\">\n\t\t\t\t<span class=\"elementor-icon elementor-animation-\" >\n\t\t\t\t<i aria-hidden=\"true\" class=\"fas fa-bus-alt\"><\/i>\t\t\t\t<\/span>\n\t\t\t<\/div>\n\t\t\t\t\t\t<div class=\"elementor-icon-box-content\">\n\t\t\t\t<h3 class=\"elementor-icon-box-title\">\n\t\t\t\t\t<span  >\n\t\t\t\t\t\tModernidad\t\t\t\t\t<\/span>\n\t\t\t\t<\/h3>\n\t\t\t\t\t\t\t\t\t<p class=\"elementor-icon-box-description\">\n\t\t\t\t\t\tUnidades de modelos recientes para garantizar lsu correcta operaci\u00f3n.\n\n\t\t\t\t\t<\/p>\n\t\t\t\t\t\t\t<\/div>\n\t\t<\/div>\n\t\t\t\t<\/div>\n\t\t\t\t<\/div>\n\t\t<\/div><div class=\"elementor-element elementor-element-3f22d79 e-container--column e-container\" data-id=\"3f22d79\" data-element_type=\"container\">\t\t\t\t<div class=\"elementor-element elementor-element-16bc20d elementor-view-stacked elementor-position-top elementor-vertical-align-middle elementor-shape-circle elementor-mobile-position-top elementor-widget elementor-widget-icon-box\" data-id=\"16bc20d\" data-element_type=\"widget\" data-widget_type=\"icon-box.default\">\n\t\t\t\t<div class=\"elementor-widget-container\">\n\t\t\t\t\t<div class=\"elementor-icon-box-wrapper\">\n\t\t\t\t\t\t<div class=\"elementor-icon-box-icon\">\n\t\t\t\t<span class=\"elementor-icon elementor-animation-\" >\n\t\t\t\t<i aria-hidden=\"true\" class=\"far fa-clock\"><\/i>\t\t\t\t<\/span>\n\t\t\t<\/div>\n\t\t\t\t\t\t<div class=\"elementor-icon-box-content\">\n\t\t\t\t<h3 class=\"elementor-icon-box-title\">\n\t\t\t\t\t<span  >\n\t\t\t\t\t\tPuntualidad\t\t\t\t\t<\/span>\n\t\t\t\t<\/h3>\n\t\t\t\t\t\t\t\t\t<p class=\"elementor-icon-box-description\">\n\t\t\t\t\t\tSiempre  a tiempo en los punto de salida, para no afectar su itinerario.\n\t\t\t\t\t<\/p>\n\t\t\t\t\t\t\t<\/div>\n\t\t<\/div>\n\t\t\t\t<\/div>\n\t\t\t\t<\/div>\n\t\t<\/div><div class=\"elementor-element elementor-element-3bdf94b e-container--column e-container\" data-id=\"3bdf94b\" data-element_type=\"container\">\t\t\t\t<div class=\"elementor-element elementor-element-d093815 elementor-view-stacked elementor-position-top elementor-vertical-align-middle elementor-shape-circle elementor-mobile-position-top elementor-widget elementor-widget-icon-box\" data-id=\"d093815\" data-element_type=\"widget\" data-widget_type=\"icon-box.default\">\n\t\t\t\t<div class=\"elementor-widget-container\">\n\t\t\t\t\t<div class=\"elementor-icon-box-wrapper\">\n\t\t\t\t\t\t<div class=\"elementor-icon-box-icon\">\n\t\t\t\t<span class=\"elementor-icon elementor-animation-\" >\n\t\t\t\t<i aria-hidden=\"true\" class=\"fas fa-user-lock\"><\/i>\t\t\t\t<\/span>\n\t\t\t<\/div>\n\t\t\t\t\t\t<div class=\"elementor-icon-box-content\">\n\t\t\t\t<h3 class=\"elementor-icon-box-title\">\n\t\t\t\t\t<span  >\n\t\t\t\t\t\tSeguridad\t\t\t\t\t<\/span>\n\t\t\t\t<\/h3>\n\t\t\t\t\t\t\t\t\t<p class=\"elementor-icon-box-description\">\n\t\t\t\t\t\tUnidades aseguradas para garantizar la seguridad de los pasajeros.\n\t\t\t\t\t<\/p>\n\t\t\t\t\t\t\t<\/div>\n\t\t<\/div>\n\t\t\t\t<\/div>\n\t\t\t\t<\/div>\n\t\t<\/div><div class=\"elementor-element elementor-element-5bb28cb e-container--column e-container\" data-id=\"5bb28cb\" data-element_type=\"container\">\t\t\t\t<div class=\"elementor-element elementor-element-c62e2fc elementor-view-stacked elementor-position-top elementor-vertical-align-middle elementor-shape-circle elementor-mobile-position-top elementor-widget elementor-widget-icon-box\" data-id=\"c62e2fc\" data-element_type=\"widget\" data-widget_type=\"icon-box.default\">\n\t\t\t\t<div class=\"elementor-widget-container\">\n\t\t\t\t\t<div class=\"elementor-icon-box-wrapper\">\n\t\t\t\t\t\t<div class=\"elementor-icon-box-icon\">\n\t\t\t\t<span class=\"elementor-icon elementor-animation-\" >\n\t\t\t\t<i aria-hidden=\"true\" class=\"far fa-money-bill-alt\"><\/i>\t\t\t\t<\/span>\n\t\t\t<\/div>\n\t\t\t\t\t\t<div class=\"elementor-icon-box-content\">\n\t\t\t\t<h3 class=\"elementor-icon-box-title\">\n\t\t\t\t\t<span  >\n\t\t\t\t\t\tPrecio\t\t\t\t\t<\/span>\n\t\t\t\t<\/h3>\n\t\t\t\t\t\t\t\t\t<p class=\"elementor-icon-box-description\">\n\t\t\t\t\t\tContamos con excelentes precios para sus pr\u00f3ximos viaje.\n\t\t\t\t\t<\/p>\n\t\t\t\t\t\t\t<\/div>\n\t\t<\/div>\n\t\t\t\t<\/div>\n\t\t\t\t<\/div>\n\t\t<\/div><\/div><div class=\"elementor-element elementor-element-3ff80da e-container--row e-container\" data-id=\"3ff80da\" data-element_type=\"container\">\t\t<div class=\"elementor-element elementor-element-070c91e e-container--column e-container\" data-id=\"070c91e\" data-element_type=\"container\">\t\t\t\t<div class=\"elementor-element elementor-element-3571041 elementor-view-stacked elementor-position-top elementor-vertical-align-middle elementor-shape-circle elementor-mobile-position-top elementor-widget elementor-widget-icon-box\" data-id=\"3571041\" data-element_type=\"widget\" data-widget_type=\"icon-box.default\">\n\t\t\t\t<div class=\"elementor-widget-container\">\n\t\t\t\t\t<div class=\"elementor-icon-box-wrapper\">\n\t\t\t\t\t\t<div class=\"elementor-icon-box-icon\">\n\t\t\t\t<span class=\"elementor-icon elementor-animation-\" >\n\t\t\t\t<i aria-hidden=\"true\" class=\"fas fa-coffee\"><\/i>\t\t\t\t<\/span>\n\t\t\t<\/div>\n\t\t\t\t\t\t<div class=\"elementor-icon-box-content\">\n\t\t\t\t<h3 class=\"elementor-icon-box-title\">\n\t\t\t\t\t<span  >\n\t\t\t\t\t\tComodidad\t\t\t\t\t<\/span>\n\t\t\t\t<\/h3>\n\t\t\t\t\t\t\t\t\t<p class=\"elementor-icon-box-description\">\n\t\t\t\t\t\tUnidades con pantalla LCD y sonido estereo.\n\t\t\t\t\t<\/p>\n\t\t\t\t\t\t\t<\/div>\n\t\t<\/div>\n\t\t\t\t<\/div>\n\t\t\t\t<\/div>\n\t\t<\/div><div class=\"elementor-element elementor-element-f1d2498 e-container--column e-container\" data-id=\"f1d2498\" data-element_type=\"container\">\t\t\t\t<div class=\"elementor-element elementor-element-20009bc elementor-view-stacked elementor-position-top elementor-vertical-align-middle elementor-shape-circle elementor-mobile-position-top elementor-widget elementor-widget-icon-box\" data-id=\"20009bc\" data-element_type=\"widget\" data-widget_type=\"icon-box.default\">\n\t\t\t\t<div class=\"elementor-widget-container\">\n\t\t\t\t\t<div class=\"elementor-icon-box-wrapper\">\n\t\t\t\t\t\t<div class=\"elementor-icon-box-icon\">\n\t\t\t\t<span class=\"elementor-icon elementor-animation-\" >\n\t\t\t\t<i aria-hidden=\"true\" class=\"fas fa-user-clock\"><\/i>\t\t\t\t<\/span>\n\t\t\t<\/div>\n\t\t\t\t\t\t<div class=\"elementor-icon-box-content\">\n\t\t\t\t<h3 class=\"elementor-icon-box-title\">\n\t\t\t\t\t<span  >\n\t\t\t\t\t\tDisponibilidad\t\t\t\t\t<\/span>\n\t\t\t\t<\/h3>\n\t\t\t\t\t\t\t\t\t<p class=\"elementor-icon-box-description\">\n\t\t\t\t\t\tAtenci\u00f3n a clientes 24 horas los 7 d\u00edas de la semana.\t\t\t\t\t<\/p>\n\t\t\t\t\t\t\t<\/div>\n\t\t<\/div>\n\t\t\t\t<\/div>\n\t\t\t\t<\/div>\n\t\t<\/div><div class=\"elementor-element elementor-element-696a337 e-container--column e-container\" data-id=\"696a337\" data-element_type=\"container\">\t\t\t\t<div class=\"elementor-element elementor-element-63d5725 elementor-view-stacked elementor-position-top elementor-vertical-align-middle elementor-shape-circle elementor-mobile-position-top elementor-widget elementor-widget-icon-box\" data-id=\"63d5725\" data-element_type=\"widget\" data-widget_type=\"icon-box.default\">\n\t\t\t\t<div class=\"elementor-widget-container\">\n\t\t\t\t\t<div class=\"elementor-icon-box-wrapper\">\n\t\t\t\t\t\t<div class=\"elementor-icon-box-icon\">\n\t\t\t\t<span class=\"elementor-icon elementor-animation-\" >\n\t\t\t\t<i aria-hidden=\"true\" class=\"fas fa-phone-alt\"><\/i>\t\t\t\t<\/span>\n\t\t\t<\/div>\n\t\t\t\t\t\t<div class=\"elementor-icon-box-content\">\n\t\t\t\t<h3 class=\"elementor-icon-box-title\">\n\t\t\t\t\t<span  >\n\t\t\t\t\t\tAtenci\u00f3n\t\t\t\t\t<\/span>\n\t\t\t\t<\/h3>\n\t\t\t\t\t\t\t\t\t<p class=\"elementor-icon-box-description\">\n\t\t\t\t\t\tNuestro personal les brinda la mejor atenc\u00edon v\u00eda telef\u00f3nica.\t\t\t\t\t<\/p>\n\t\t\t\t\t\t\t<\/div>\n\t\t<\/div>\n\t\t\t\t<\/div>\n\t\t\t\t<\/div>\n\t\t<\/div><div class=\"elementor-element elementor-element-bb44c56 e-container--column e-container\" data-id=\"bb44c56\" data-element_type=\"container\">\t\t\t\t<div class=\"elementor-element elementor-element-9105a89 elementor-view-stacked elementor-position-top elementor-vertical-align-middle elementor-shape-circle elementor-mobile-position-top elementor-widget elementor-widget-icon-box\" data-id=\"9105a89\" data-element_type=\"widget\" data-widget_type=\"icon-box.default\">\n\t\t\t\t<div class=\"elementor-widget-container\">\n\t\t\t\t\t<div class=\"elementor-icon-box-wrapper\">\n\t\t\t\t\t\t<div class=\"elementor-icon-box-icon\">\n\t\t\t\t<span class=\"elementor-icon elementor-animation-\" >\n\t\t\t\t<i aria-hidden=\"true\" class=\"fas fa-bus\"><\/i>\t\t\t\t<\/span>\n\t\t\t<\/div>\n\t\t\t\t\t\t<div class=\"elementor-icon-box-content\">\n\t\t\t\t<h3 class=\"elementor-icon-box-title\">\n\t\t\t\t\t<span  >\n\t\t\t\t\t\tAmplitud\t\t\t\t\t<\/span>\n\t\t\t\t<\/h3>\n\t\t\t\t\t\t\t\t\t<p class=\"elementor-icon-box-description\">\n\t\t\t\t\t\tUnidades con espacio suficiente para todo su equipaje.\t\t\t\t\t<\/p>\n\t\t\t\t\t\t\t<\/div>\n\t\t<\/div>\n\t\t\t\t<\/div>\n\t\t\t\t<\/div>\n\t\t<\/div><\/div><div class=\"elementor-element elementor-element-85f0f00 e-container--column e-container\" data-id=\"85f0f00\" data-element_type=\"container\">\t\t\t\t<div class=\"elementor-element elementor-element-99fbede elementor-widget elementor-widget-text-editor\" data-id=\"99fbede\" data-element_type=\"widget\" data-widget_type=\"text-editor.default\">\n\t\t\t\t<div class=\"elementor-widget-container\">\n\t\t\t\t\t\t\t<p>En <strong>Turismar<\/strong> estamos comprometidos con el servicio, por lo que puede estar seguro que el transporte ser\u00e1 comodo, seguro y siempre a tiempo, usted solo se preocupara de su evento y deje el raslado en nuestras manos&#8230;.<strong> Turismar.<\/strong>. su mejor opci\u00f3n&#8230;<\/p>\t\t\t\t\t\t<\/div>\n\t\t\t\t<\/div>\n\t\t<\/div>\t\t\t\t\t<\/div>\n\t\t","protected":false},"excerpt":{"rendered":"<p>El mejor servicio en transporte terrestre de pasajeros. Con una trayectoria de m\u00e1s de 35 a\u00f1os en el sector del transporte tur\u00edstico, nos destacamos como una empresa comprometida en ofrecer el mejor servicio. Contamos con la experiencia, el equipo humano y t\u00e9cnico necesario para convertir su viaje en una experiencia inolvidable, superando las expectativas m\u00e1s [&hellip;]<\/p>\n","protected":false},"author":1,"featured_media":0,"parent":0,"menu_order":0,"comment_status":"closed","ping_status":"closed","template":"","meta":[],"yoast_head":"<!-- This site is optimized with the Yoast SEO plugin v20.4 - https:\/\/yoast.com\/wordpress\/plugins\/seo\/ -->\n<title>Turismar - Empresa de transporte Somos tu mejor opci\u00f3n<\/title>\n<meta name=\"robots\" content=\"index, follow, max-snippet:-1, max-image-preview:large, max-video-preview:-1\" \/>\n<link rel=\"canonical\" href=\"https:\/\/turismar.com.mx\/index.php\/elementor-7802\/\" \/>\n<meta property=\"og:locale\" content=\"es_ES\" \/>\n<meta property=\"og:type\" content=\"article\" \/>\n<meta property=\"og:title\" content=\"Turismar - Empresa de transporte Somos tu mejor opci\u00f3n\" \/>\n<meta property=\"og:description\" content=\"El mejor servicio en transporte terrestre de pasajeros. Con una trayectoria de m\u00e1s de 35 a\u00f1os en el sector del transporte tur\u00edstico, nos destacamos como una empresa comprometida en ofrecer el mejor servicio. Contamos con la experiencia, el equipo humano y t\u00e9cnico necesario para convertir su viaje en una experiencia inolvidable, superando las expectativas m\u00e1s [&hellip;]\" \/>\n<meta property=\"og:url\" content=\"https:\/\/turismar.com.mx\/index.php\/elementor-7802\/\" \/>\n<meta property=\"og:site_name\" content=\"Turismar | Empresa de Transportes\" \/>\n<meta property=\"article:publisher\" content=\"https:\/\/www.facebook.com\/rentaturismar\" \/>\n<meta property=\"article:modified_time\" content=\"2023-11-21T15:23:43+00:00\" \/>\n<meta name=\"twitter:card\" content=\"summary_large_image\" \/>\n<meta name=\"twitter:label1\" content=\"Tiempo de lectura\" \/>\n\t<meta name=\"twitter:data1\" content=\"2 minutos\" \/>\n<script type=\"application\/ld+json\" class=\"yoast-schema-graph\">{\"@context\":\"https:\/\/schema.org\",\"@graph\":[{\"@type\":\"WebPage\",\"@id\":\"https:\/\/turismar.com.mx\/index.php\/elementor-7802\/\",\"url\":\"https:\/\/turismar.com.mx\/index.php\/elementor-7802\/\",\"name\":\"Turismar - Empresa de transporte Somos tu mejor opci\u00f3n\",\"isPartOf\":{\"@id\":\"https:\/\/turismar.com.mx\/#website\"},\"datePublished\":\"2023-01-24T18:51:36+00:00\",\"dateModified\":\"2023-11-21T15:23:43+00:00\",\"breadcrumb\":{\"@id\":\"https:\/\/turismar.com.mx\/index.php\/elementor-7802\/#breadcrumb\"},\"inLanguage\":\"es\",\"potentialAction\":[{\"@type\":\"ReadAction\",\"target\":[\"https:\/\/turismar.com.mx\/index.php\/elementor-7802\/\"]}]},{\"@type\":\"BreadcrumbList\",\"@id\":\"https:\/\/turismar.com.mx\/index.php\/elementor-7802\/#breadcrumb\",\"itemListElement\":[{\"@type\":\"ListItem\",\"position\":1,\"name\":\"Inicio\",\"item\":\"https:\/\/turismar.com.mx\/\"},{\"@type\":\"ListItem\",\"position\":2,\"name\":\"Servicios\"}]},{\"@type\":\"WebSite\",\"@id\":\"https:\/\/turismar.com.mx\/#website\",\"url\":\"https:\/\/turismar.com.mx\/\",\"name\":\"Turismar - Empresa de transporte\",\"description\":\"Turismar | Empresa de Transportes\",\"publisher\":{\"@id\":\"https:\/\/turismar.com.mx\/#organization\"},\"alternateName\":\"Turismar - Empresa de transporte\",\"potentialAction\":[{\"@type\":\"SearchAction\",\"target\":{\"@type\":\"EntryPoint\",\"urlTemplate\":\"https:\/\/turismar.com.mx\/?s={search_term_string}\"},\"query-input\":\"required name=search_term_string\"}],\"inLanguage\":\"es\"},{\"@type\":\"Organization\",\"@id\":\"https:\/\/turismar.com.mx\/#organization\",\"name\":\"Turismar - Empresa de transporte\",\"alternateName\":\"Turismar - Empresa de transporte\",\"url\":\"https:\/\/turismar.com.mx\/\",\"logo\":{\"@type\":\"ImageObject\",\"inLanguage\":\"es\",\"@id\":\"https:\/\/turismar.com.mx\/#\/schema\/logo\/image\/\",\"url\":\"https:\/\/turismar.com.mx\/wp-content\/uploads\/2020\/12\/logo-turismar-png-1.png\",\"contentUrl\":\"https:\/\/turismar.com.mx\/wp-content\/uploads\/2020\/12\/logo-turismar-png-1.png\",\"width\":1466,\"height\":603,\"caption\":\"Turismar - Empresa de transporte\"},\"image\":{\"@id\":\"https:\/\/turismar.com.mx\/#\/schema\/logo\/image\/\"},\"sameAs\":[\"https:\/\/www.facebook.com\/rentaturismar\"]}]}<\/script>\n<!-- \/ Yoast SEO plugin. -->","yoast_head_json":{"title":"Turismar - Empresa de transporte Somos tu mejor opci\u00f3n","robots":{"index":"index","follow":"follow","max-snippet":"max-snippet:-1","max-image-preview":"max-image-preview:large","max-video-preview":"max-video-preview:-1"},"canonical":"https:\/\/turismar.com.mx\/index.php\/elementor-7802\/","og_locale":"es_ES","og_type":"article","og_title":"Turismar - Empresa de transporte Somos tu mejor opci\u00f3n","og_description":"El mejor servicio en transporte terrestre de pasajeros. Con una trayectoria de m\u00e1s de 35 a\u00f1os en el sector del transporte tur\u00edstico, nos destacamos como una empresa comprometida en ofrecer el mejor servicio. Contamos con la experiencia, el equipo humano y t\u00e9cnico necesario para convertir su viaje en una experiencia inolvidable, superando las expectativas m\u00e1s [&hellip;]","og_url":"https:\/\/turismar.com.mx\/index.php\/elementor-7802\/","og_site_name":"Turismar | Empresa de Transportes","article_publisher":"https:\/\/www.facebook.com\/rentaturismar","article_modified_time":"2023-11-21T15:23:43+00:00","twitter_card":"summary_large_image","twitter_misc":{"Tiempo de lectura":"2 minutos"},"schema":{"@context":"https:\/\/schema.org","@graph":[{"@type":"WebPage","@id":"https:\/\/turismar.com.mx\/index.php\/elementor-7802\/","url":"https:\/\/turismar.com.mx\/index.php\/elementor-7802\/","name":"Turismar - Empresa de transporte Somos tu mejor opci\u00f3n","isPartOf":{"@id":"https:\/\/turismar.com.mx\/#website"},"datePublished":"2023-01-24T18:51:36+00:00","dateModified":"2023-11-21T15:23:43+00:00","breadcrumb":{"@id":"https:\/\/turismar.com.mx\/index.php\/elementor-7802\/#breadcrumb"},"inLanguage":"es","potentialAction":[{"@type":"ReadAction","target":["https:\/\/turismar.com.mx\/index.php\/elementor-7802\/"]}]},{"@type":"BreadcrumbList","@id":"https:\/\/turismar.com.mx\/index.php\/elementor-7802\/#breadcrumb","itemListElement":[{"@type":"ListItem","position":1,"name":"Inicio","item":"https:\/\/turismar.com.mx\/"},{"@type":"ListItem","position":2,"name":"Servicios"}]},{"@type":"WebSite","@id":"https:\/\/turismar.com.mx\/#website","url":"https:\/\/turismar.com.mx\/","name":"Turismar - Empresa de transporte","description":"Turismar | Empresa de Transportes","publisher":{"@id":"https:\/\/turismar.com.mx\/#organization"},"alternateName":"Turismar - Empresa de transporte","potentialAction":[{"@type":"SearchAction","target":{"@type":"EntryPoint","urlTemplate":"https:\/\/turismar.com.mx\/?s={search_term_string}"},"query-input":"required name=search_term_string"}],"inLanguage":"es"},{"@type":"Organization","@id":"https:\/\/turismar.com.mx\/#organization","name":"Turismar - Empresa de transporte","alternateName":"Turismar - Empresa de transporte","url":"https:\/\/turismar.com.mx\/","logo":{"@type":"ImageObject","inLanguage":"es","@id":"https:\/\/turismar.com.mx\/#\/schema\/logo\/image\/","url":"https:\/\/turismar.com.mx\/wp-content\/uploads\/2020\/12\/logo-turismar-png-1.png","contentUrl":"https:\/\/turismar.com.mx\/wp-content\/uploads\/2020\/12\/logo-turismar-png-1.png","width":1466,"height":603,"caption":"Turismar - Empresa de transporte"},"image":{"@id":"https:\/\/turismar.com.mx\/#\/schema\/logo\/image\/"},"sameAs":["https:\/\/www.facebook.com\/rentaturismar"]}]}},"_links":{"self":[{"href":"https:\/\/turismar.com.mx\/index.php\/wp-json\/wp\/v2\/pages\/7802"}],"collection":[{"href":"https:\/\/turismar.com.mx\/index.php\/wp-json\/wp\/v2\/pages"}],"about":[{"href":"https:\/\/turismar.com.mx\/index.php\/wp-json\/wp\/v2\/types\/page"}],"author":[{"embeddable":true,"href":"https:\/\/turismar.com.mx\/index.php\/wp-json\/wp\/v2\/users\/1"}],"replies":[{"embeddable":true,"href":"https:\/\/turismar.com.mx\/index.php\/wp-json\/wp\/v2\/comments?post=7802"}],"version-history":[{"count":15,"href":"https:\/\/turismar.com.mx\/index.php\/wp-json\/wp\/v2\/pages\/7802\/revisions"}],"predecessor-version":[{"id":7864,"href":"https:\/\/turismar.com.mx\/index.php\/wp-json\/wp\/v2\/pages\/7802\/revisions\/7864"}],"wp:attachment":[{"href":"https:\/\/turismar.com.mx\/index.php\/wp-json\/wp\/v2\/media?parent=7802"}],"curies":[{"name":"wp","href":"https:\/\/api.w.org\/{rel}","templated":true}]}}